{"id":4848,"date":"2024-11-08T17:45:19","date_gmt":"2024-11-08T17:45:19","guid":{"rendered":"https:\/\/zbukurimi.com\/politika-e-privatesise\/"},"modified":"2024-11-08T18:05:19","modified_gmt":"2024-11-08T18:05:19","slug":"politika-e-privatesise","status":"publish","type":"page","link":"https:\/\/zbukurimi.com\/sq\/politika-e-privatesise\/","title":{"rendered":"Politika e privat\u00ebsis\u00eb"},"content":{"rendered":"\n<p>Data e fundit e ndryshimit: 29.08.2024<\/p>\n\n<h2 class=\"wp-block-heading\">P\u00ebrmbledhja e pikave kryesore<\/h2>\n\n<p>Zbukurimi i kushton r\u00ebnd\u00ebsi t\u00eb madhe privat\u00ebsis\u00eb dhe mbrojtjes s\u00eb t\u00eb dh\u00ebnave personale t\u00eb p\u00ebrdoruesve. Kjo Politik\u00eb e Privat\u00ebsis\u00eb shpjegon se si ne mbledhim, p\u00ebrdorim, ruajm\u00eb dhe mbrojm\u00eb t\u00eb dh\u00ebnat tuaja personale kur vizitoni faqen ton\u00eb t\u00eb internetit dhe kur p\u00ebrdorni sh\u00ebrbimet tona. <\/p>\n\n<h5 class=\"wp-block-heading\">1. Mbledhja e t\u00eb Dh\u00ebnave Personale<\/h5>\n\n<p>Ne mbledhim t\u00eb dh\u00ebna personale q\u00eb ju na jepni vullnetarisht kur plot\u00ebsoni formular\u00ebt n\u00eb faqen ton\u00eb t\u00eb internetit, si emri, adresa e emailit, numri i telefonit, dhe informacione t\u00eb tjera relevante. Ne gjithashtu mund t\u00eb mbledhim t\u00eb dh\u00ebna nga burime t\u00eb tjera, t\u00eb tilla si bisedat telefonike ose komunikimet me email. <\/p>\n\n<h5 class=\"wp-block-heading\">2. P\u00ebrdorimi i t\u00eb Dh\u00ebnave<\/h5>\n\n<p>T\u00eb dh\u00ebnat tuaja personale p\u00ebrdoren p\u00ebr q\u00ebllime specifike, t\u00eb tilla si p\u00ebrmir\u00ebsimi i p\u00ebrvoj\u00ebs suaj n\u00eb faqen ton\u00eb, d\u00ebrgimi i informacioneve dhe p\u00ebrdit\u00ebsimeve n\u00eb lidhje me sh\u00ebrbimet tona, dhe p\u00ebrgjigjja ndaj pyetjeve dhe k\u00ebrkesave tuaja. Ne gjithashtu mund t\u00eb p\u00ebrdorim t\u00eb dh\u00ebnat p\u00ebr q\u00ebllime t\u00eb marketingut, vet\u00ebm n\u00ebse kemi marr\u00eb p\u00eblqimin tuaj paraprak. <\/p>\n\n<h5 class=\"wp-block-heading\">3. Ndarja e t\u00eb dh\u00ebnave me pal\u00eb t\u00eb treta<\/h5>\n\n<p>Ne nuk i shesim, japim me qira ose shp\u00ebrndajm\u00eb t\u00eb dh\u00ebnat tuaja personale te pal\u00ebt e treta pa p\u00eblqimin tuaj t\u00eb shprehur, p\u00ebrve\u00e7 kur k\u00ebrkohet nga ligji ose p\u00ebr t\u00eb mbrojtur t\u00eb drejtat tona ligjore. N\u00eb disa raste, mund t\u00eb ndajm\u00eb t\u00eb dh\u00ebnat tuaja me ofruesit e sh\u00ebrbimeve q\u00eb na ndihmojn\u00eb n\u00eb ofrimin e sh\u00ebrbimeve tona. <\/p>\n\n<h5 class=\"wp-block-heading\">4. Cookies dhe teknologji t\u00eb ngjashme<\/h5>\n\n<p>Ne p\u00ebrdorim cookies dhe teknologji t\u00eb ngjashme p\u00ebr t\u00eb mbledhur informacione rreth aktivitetit tuaj n\u00eb faqen ton\u00eb t\u00eb internetit, p\u00ebr t\u00eb personalizuar p\u00ebrvoj\u00ebn tuaj dhe p\u00ebr t\u00eb analizuar p\u00ebrdorimin e faqes son\u00eb. Ju mund t\u00eb zgjidhni t\u00eb \u00e7aktivizoni cookies p\u00ebrmes shfletuesit tuaj, por kjo mund t\u00eb ndikoj\u00eb n\u00eb funksionalitetin e faqes. <\/p>\n\n<h5 class=\"wp-block-heading\">5. Ruajtja dhe siguria e t\u00eb dh\u00ebnave<\/h5>\n\n<p>Ne p\u00ebrdorim masa t\u00eb forta sigurie p\u00ebr t\u00eb mbrojtur t\u00eb dh\u00ebnat tuaja personale nga akseset e paautorizuara, humbja ose shkat\u00ebrrimi. K\u00ebto masa p\u00ebrfshijn\u00eb teknologji t\u00eb p\u00ebrparuara t\u00eb siguris\u00eb dhe politika t\u00eb rrepta t\u00eb ruajtjes s\u00eb t\u00eb dh\u00ebnave. Pavar\u00ebsisht k\u00ebtyre masave, ne nuk mund t\u00eb garantojm\u00eb siguri absolute t\u00eb t\u00eb dh\u00ebnave t\u00eb transmetuara p\u00ebrmes internetit.  <\/p>\n\n<h5 class=\"wp-block-heading\">6. T\u00eb drejtat e p\u00ebrdoruesve<\/h5>\n\n<p>Ju keni t\u00eb drejt\u00eb t\u00eb k\u00ebrkoni qasje n\u00eb t\u00eb dh\u00ebnat tuaja personale q\u00eb ne mbajm\u00eb, t\u00eb k\u00ebrkoni korrigjimin e gabimeve, ose t\u00eb k\u00ebrkoni fshirjen e t\u00eb dh\u00ebnave tuaja. Ju gjithashtu keni t\u00eb drejt\u00eb t\u00eb kund\u00ebrshtoni p\u00ebrpunimin e t\u00eb dh\u00ebnave tuaja p\u00ebr q\u00ebllime marketingu. <\/p>\n\n<h5 class=\"wp-block-heading\">7. Ndryshimet n\u00eb Politik\u00ebn e Privat\u00ebsis\u00eb<\/h5>\n\n<p>Ne mund t\u00eb p\u00ebrdit\u00ebsojm\u00eb k\u00ebt\u00eb Politik\u00eb t\u00eb Privat\u00ebsis\u00eb koh\u00eb pas kohe p\u00ebr t\u00eb reflektuar ndryshimet n\u00eb praktikat tona ose p\u00ebr q\u00ebllime ligjore, rregullative ose t\u00eb tjera. \u00c7do ndryshim do t\u00eb postohet n\u00eb k\u00ebt\u00eb faqe dhe data e p\u00ebrdit\u00ebsimit do t\u00eb reflektohet n\u00eb krye t\u00eb politik\u00ebs. <\/p>\n\n<h5 class=\"wp-block-heading\">8. Kontakt<\/h5>\n\n<p>N\u00ebse keni pyetje, shqet\u00ebsime ose k\u00ebrkesa n\u00eb lidhje me k\u00ebt\u00eb Politik\u00eb t\u00eb Privat\u00ebsis\u00eb, ju lutemi na kontaktoni p\u00ebrmes informacionit t\u00eb kontaktit t\u00eb dh\u00ebn\u00eb n\u00eb faqen ton\u00eb t\u00eb internetit.<br\/><\/p>\n","protected":false},"excerpt":{"rendered":"<p>Data e fundit e ndryshimit: 29.08.2024 P\u00ebrmbledhja e pikave kryesore Zbukurimi i kushton r\u00ebnd\u00ebsi t\u00eb madhe privat\u00ebsis\u00eb dhe mbrojtjes s\u00eb t\u00eb dh\u00ebnave personale t\u00eb p\u00ebrdoruesve. Kjo Politik\u00eb e Privat\u00ebsis\u00eb shpjegon se si ne mbledhim, p\u00ebrdorim, ruajm\u00eb dhe mbrojm\u00eb t\u00eb dh\u00ebnat tuaja personale kur vizitoni faqen ton\u00eb t\u00eb internetit dhe kur p\u00ebrdorni sh\u00ebrbimet tona. 1. Mbledhja [&hellip;]<\/p>\n","protected":false},"author":1,"featured_media":0,"parent":0,"menu_order":0,"comment_status":"closed","ping_status":"closed","template":"","meta":{"_acf_changed":false,"footnotes":""},"class_list":["post-4848","page","type-page","status-publish","hentry"],"acf":[],"_links":{"self":[{"href":"https:\/\/zbukurimi.com\/sq\/wp-json\/wp\/v2\/pages\/4848","targetHints":{"allow":["GET"]}}],"collection":[{"href":"https:\/\/zbukurimi.com\/sq\/wp-json\/wp\/v2\/pages"}],"about":[{"href":"https:\/\/zbukurimi.com\/sq\/wp-json\/wp\/v2\/types\/page"}],"author":[{"embeddable":true,"href":"https:\/\/zbukurimi.com\/sq\/wp-json\/wp\/v2\/users\/1"}],"replies":[{"embeddable":true,"href":"https:\/\/zbukurimi.com\/sq\/wp-json\/wp\/v2\/comments?post=4848"}],"version-history":[{"count":1,"href":"https:\/\/zbukurimi.com\/sq\/wp-json\/wp\/v2\/pages\/4848\/revisions"}],"predecessor-version":[{"id":4849,"href":"https:\/\/zbukurimi.com\/sq\/wp-json\/wp\/v2\/pages\/4848\/revisions\/4849"}],"wp:attachment":[{"href":"https:\/\/zbukurimi.com\/sq\/wp-json\/wp\/v2\/media?parent=4848"}],"curies":[{"name":"wp","href":"https:\/\/api.w.org\/{rel}","templated":true}]}}