{"id":4368,"date":"2024-10-05T12:49:47","date_gmt":"2024-10-05T12:49:47","guid":{"rendered":"https:\/\/zbukurimi.com\/punesime\/"},"modified":"2024-11-06T07:29:32","modified_gmt":"2024-11-06T07:29:32","slug":"punesime","status":"publish","type":"page","link":"https:\/\/zbukurimi.com\/sq\/punesime\/","title":{"rendered":"Pun\u00ebsime"},"content":{"rendered":"\t\t<div data-elementor-type=\"wp-page\" data-elementor-id=\"4368\" class=\"elementor elementor-4368 elementor-988\">\n\t\t\t\t\t\t<section class=\"elementor-section elementor-top-section elementor-element elementor-element-119cebb pbmit-sticky-section pbmit-col-stretched-none pbmit-bg-color-over-image elementor-section-boxed elementor-section-height-default elementor-section-height-default\" data-id=\"119cebb\" data-element_type=\"section\" data-e-type=\"section\" data-settings=\"{&quot;background_background&quot;:&quot;classic&quot;}\">\n\t\t\t\t\t\t<div class=\"elementor-container elementor-column-gap-no\">\n\t\t\t\t\t<div class=\"elementor-column elementor-col-50 elementor-top-column elementor-element elementor-element-b171393 pbmit-sticky-col pbmit-bg-color-over-image\" data-id=\"b171393\" data-element_type=\"column\" data-e-type=\"column\">\n\t\t\t<div class=\"elementor-widget-wrap elementor-element-populated\">\n\t\t\t\t\t\t<div class=\"elementor-element elementor-element-e51f888 elementor-widget elementor-widget-pbmit_heading\" data-id=\"e51f888\" data-element_type=\"widget\" data-e-type=\"widget\" data-widget_type=\"pbmit_heading.default\">\n\t\t\t\t<div class=\"elementor-widget-container\">\n\t\t\t\t\t <div class=\"pbmit-heading-subheading pbmit-reverse-heading-yes animation-style2\"><h4 class=\"pbmit-element-subtitle\"><span>\r\n\t\t\t\t<\/span>\r\n\t\t\t\t\r\n\t\t\t\t\tPun\u00ebsime n\u00eb Zbukurimi\r\n\t\t\t\t\r\n\t\t\t\t<\/h4>\r\n\t\t\t<h2 class=\"pbmit-element-title\">\r\n\t\t\t\t\r\n\t\t\t\t\tBashkohuni me ekipin ton\u00eb\r\n\t\t\t\t\r\n\t\t\t\t<\/h2>\r\n\t\t\t<div class=\"pbmit-heading-desc\">N\u00eb Zbukurimi, ne besojm\u00eb se suksesi yn\u00eb fillon me nj\u00eb ekip t\u00eb talentuar dhe t\u00eb p\u00ebrkushtuar. Me mbi 30 vite p\u00ebrvoj\u00eb, ne jemi gjithmon\u00eb n\u00eb k\u00ebrkim t\u00eb profesionist\u00ebve entuziast\u00eb q\u00eb duan t\u00eb ndajn\u00eb pasionin ton\u00eb p\u00ebr cil\u00ebsi dhe sh\u00ebrbim t\u00eb shk\u00eblqyer. Qoft\u00eb n\u00eb shitje, montim apo logjistik\u00eb, ne ofrojm\u00eb mund\u00ebsi t\u00eb shk\u00eblqyera p\u00ebr zhvillim personal n\u00eb nj\u00eb ambient mb\u00ebshtet\u00ebs dhe dinamik. Bashkohuni me ne p\u00ebr t\u00eb nd\u00ebrtuar nj\u00eb karrier\u00eb q\u00eb l\u00eb gjurm\u00eb n\u00eb nj\u00eb kompani q\u00eb ofron standarde t\u00eb larta n\u00eb industrin\u00eb e pllakave, sanitareve dhe llaminateve.<\/div><\/div>\t\t\t\t<\/div>\n\t\t\t\t<\/div>\n\t\t\t\t\t<\/div>\n\t\t<\/div>\n\t\t\t\t<div class=\"elementor-column elementor-col-50 elementor-top-column elementor-element elementor-element-ed5e7f7 pbmit-bg-color-yes pbmit-elementor-bg-color-light pbmit-bg-color-over-image\" data-id=\"ed5e7f7\" data-element_type=\"column\" data-e-type=\"column\">\n\t\t\t<div class=\"elementor-widget-wrap elementor-element-populated\">\n\t\t\t\t\t\t<div class=\"elementor-element elementor-element-0646ea1 elementor-widget elementor-widget-pbmit_custom_heading\" data-id=\"0646ea1\" data-element_type=\"widget\" data-e-type=\"widget\" data-widget_type=\"pbmit_custom_heading.default\">\n\t\t\t\t<div class=\"elementor-widget-container\">\n\t\t\t\t\t\t<div class=\"pbmit-custom-heading -align animation-style2\"><\/div>\t\t\t\t<\/div>\n\t\t\t\t<\/div>\n\t\t\t\t<div class=\"elementor-element elementor-element-d1fe387 elementor-widget elementor-widget-shortcode\" data-id=\"d1fe387\" data-element_type=\"widget\" data-e-type=\"widget\" data-widget_type=\"shortcode.default\">\n\t\t\t\t<div class=\"elementor-widget-container\">\n\t\t\t\t\t\t\t<div class=\"elementor-shortcode\">\n<div class=\"wpcf7 no-js\" id=\"wpcf7-f63-o1\" lang=\"en-US\" dir=\"ltr\" data-wpcf7-id=\"63\">\n<div class=\"screen-reader-response\"><p role=\"status\" aria-live=\"polite\" aria-atomic=\"true\"><\/p> <ul><\/ul><\/div>\n<form action=\"\/sq\/wp-json\/wp\/v2\/pages\/4368#wpcf7-f63-o1\" method=\"post\" class=\"wpcf7-form init\" aria-label=\"Contact form\" enctype=\"multipart\/form-data\" novalidate=\"novalidate\" data-status=\"init\">\n<fieldset class=\"hidden-fields-container\"><input type=\"hidden\" name=\"_wpcf7\" value=\"63\" \/><input type=\"hidden\" name=\"_wpcf7_version\" value=\"6.1.5\" \/><input type=\"hidden\" name=\"_wpcf7_locale\" value=\"en_US\" \/><input type=\"hidden\" name=\"_wpcf7_unit_tag\" value=\"wpcf7-f63-o1\" \/><input type=\"hidden\" name=\"_wpcf7_container_post\" value=\"0\" \/><input type=\"hidden\" name=\"_wpcf7_posted_data_hash\" value=\"\" \/><input type=\"hidden\" name=\"_wpcf7_recaptcha_response\" value=\"\" \/>\n<\/fieldset>\n<div class=\"pbmit-form pbmit-team-form\">\n\t<div class=\"row\">\n\t\t<div class=\"col-sm-12 col-md-6\">\n\t\t\t<div class=\"input-group\">\n\t\t\t\t<p><label>Emri dhe Mbiemri <span class=\"wpcf7-form-control-wrap\" data-name=\"your-name\"><input size=\"40\" maxlength=\"400\" class=\"wpcf7-form-control wpcf7-text wpcf7-validates-as-required\" aria-required=\"true\" aria-invalid=\"false\" placeholder=\"Emri dhe Mbiemri *\" value=\"\" type=\"text\" name=\"your-name\" \/><\/span><\/label>\n\t\t\t\t<\/p>\n\t\t\t<\/div>\n\t\t<\/div>\n\t\t<div class=\"col-sm-12 col-md-6\">\n\t\t\t<div class=\"input-group\">\n\t\t\t\t<p><label>Email adresa <span class=\"wpcf7-form-control-wrap\" data-name=\"email-address\"><input size=\"40\" maxlength=\"400\" class=\"wpcf7-form-control wpcf7-email wpcf7-validates-as-required wpcf7-text wpcf7-validates-as-email\" aria-required=\"true\" aria-invalid=\"false\" placeholder=\"Email adresa *\" value=\"\" type=\"email\" name=\"email-address\" \/><\/span><\/label>\n\t\t\t\t<\/p>\n\t\t\t<\/div>\n\t\t<\/div>\n\t<\/div>\n\t<div class=\"row\">\n\t\t<div class=\"col-sm-12 col-md-6\">\n\t\t\t<div class=\"input-group\">\n\t\t\t\t<p><label>Telefoni <span class=\"wpcf7-form-control-wrap\" data-name=\"phone-number\"><input size=\"40\" maxlength=\"400\" class=\"wpcf7-form-control wpcf7-text wpcf7-validates-as-required\" aria-required=\"true\" aria-invalid=\"false\" placeholder=\"Telefoni *\" value=\"\" type=\"text\" name=\"phone-number\" \/><\/span><\/label>\n\t\t\t\t<\/p>\n\t\t\t<\/div>\n\t\t<\/div>\n\t\t<div class=\"col-sm-12 col-md-6\">\n\t\t\t<div class=\"input-group\">\n\t\t\t\t<p><label>CV (pdf ose word) <span class=\"wpcf7-form-control-wrap\" data-name=\"cv-100\"><input size=\"40\" class=\"wpcf7-form-control wpcf7-file\" accept=\".pdf,.docx,.doc\" aria-invalid=\"false\" type=\"file\" name=\"cv-100\" \/><\/span><\/label>\n\t\t\t\t<\/p>\n\t\t\t<\/div>\n\t\t<\/div>\n\t<\/div>\n\t<div class=\"row\">\n\t\t<div class=\"col-sm-12\">\n\t\t\t<div class=\"input-group input-textarea\">\n\t\t\t\t<p><span class=\"wpcf7-form-control-wrap\" data-name=\"textarea-806\"><textarea cols=\"40\" rows=\"10\" maxlength=\"2000\" class=\"wpcf7-form-control wpcf7-textarea\" aria-invalid=\"false\" placeholder=\"Mesazhi\" name=\"textarea-806\"><\/textarea><\/span>\n\t\t\t\t<\/p>\n\t\t\t<\/div>\n\t\t<\/div>\n\t<\/div>\n\t<div class=\"col-sm-12\">\n\t\t<div class=\"input-group input-button\">\n\t\t\t<p><button id='submit' class='wpcf7-form-control wpcf7-submit'><span class=\"pbmit-button-icon-wrapper\"><span class=\"pbmit-button-text\">D\u00ebrgoni aplikimin<\/span><\/span><\/button>\n\t\t\t<\/p>\n\t\t<\/div>\n\t<\/div>\n<\/div><div class=\"wpcf7-response-output\" aria-hidden=\"true\"><\/div>\n<\/form>\n<\/div>\n<\/div>\n\t\t\t\t\t\t<\/div>\n\t\t\t\t<\/div>\n\t\t\t\t\t<\/div>\n\t\t<\/div>\n\t\t\t\t\t<\/div>\n\t\t<\/section>\n\t\t\t\t<\/div>\n\t\t","protected":false},"excerpt":{"rendered":"<p>Pun\u00ebsime n\u00eb Zbukurimi Bashkohuni me ekipin ton\u00eb N\u00eb Zbukurimi, ne besojm\u00eb se suksesi yn\u00eb fillon me nj\u00eb ekip t\u00eb talentuar dhe t\u00eb p\u00ebrkushtuar. Me mbi 30 vite p\u00ebrvoj\u00eb, ne jemi gjithmon\u00eb n\u00eb k\u00ebrkim t\u00eb profesionist\u00ebve entuziast\u00eb q\u00eb duan t\u00eb ndajn\u00eb pasionin ton\u00eb p\u00ebr cil\u00ebsi dhe sh\u00ebrbim t\u00eb shk\u00eblqyer. Qoft\u00eb n\u00eb shitje, montim apo logjistik\u00eb, ne [&hellip;]<\/p>\n","protected":false},"author":1,"featured_media":0,"parent":0,"menu_order":0,"comment_status":"closed","ping_status":"closed","template":"","meta":{"_acf_changed":false,"footnotes":""},"class_list":["post-4368","page","type-page","status-publish","hentry"],"acf":[],"_links":{"self":[{"href":"https:\/\/zbukurimi.com\/sq\/wp-json\/wp\/v2\/pages\/4368","targetHints":{"allow":["GET"]}}],"collection":[{"href":"https:\/\/zbukurimi.com\/sq\/wp-json\/wp\/v2\/pages"}],"about":[{"href":"https:\/\/zbukurimi.com\/sq\/wp-json\/wp\/v2\/types\/page"}],"author":[{"embeddable":true,"href":"https:\/\/zbukurimi.com\/sq\/wp-json\/wp\/v2\/users\/1"}],"replies":[{"embeddable":true,"href":"https:\/\/zbukurimi.com\/sq\/wp-json\/wp\/v2\/comments?post=4368"}],"version-history":[{"count":1,"href":"https:\/\/zbukurimi.com\/sq\/wp-json\/wp\/v2\/pages\/4368\/revisions"}],"predecessor-version":[{"id":4370,"href":"https:\/\/zbukurimi.com\/sq\/wp-json\/wp\/v2\/pages\/4368\/revisions\/4370"}],"wp:attachment":[{"href":"https:\/\/zbukurimi.com\/sq\/wp-json\/wp\/v2\/media?parent=4368"}],"curies":[{"name":"wp","href":"https:\/\/api.w.org\/{rel}","templated":true}]}}